{"id":90,"date":"2018-08-01T10:10:10","date_gmt":"2018-08-01T10:10:10","guid":{"rendered":"http:\/\/mathias-hanke.de\/?page_id=90"},"modified":"2018-08-10T18:45:02","modified_gmt":"2018-08-10T18:45:02","slug":"impressum-datenschutz","status":"publish","type":"page","link":"https:\/\/mathias-hanke.de\/?page_id=90","title":{"rendered":"Impressum\/Datenschutz"},"content":{"rendered":"<h3><span style=\"font-size: 10.0pt; line-height: 107%;\">F\u00fcr die Inhalte dieser Seiten ist verantwortlich:<\/span><\/h3>\n<p><span style=\"font-size: 10.0pt; line-height: 107%;\"><a href=\"file:\/\/\/C:\/Users\/xxx\/Documents\/websites%202018%20server%20download%20komplett\/mahasite\/person\/person.htm\">Mathias Hanke<\/a><br \/>\n37191 Katlenburg-Lindau<br \/>\nE-Mail: mh@mathias-hanke.de<\/span><\/p>\n<p><span style=\"font-size: 10.0pt; line-height: 107%;\">S\u00e4mtliche Inhalte wie <u>Bilder, Texte, Grafiken,<\/u> Ton-, Video- und Animationsdateien sowie deren Arrangements unterliegen dem Schutz des Urheberrechts und anderen Gesetzen zum Schutz geistigen Eigentums. Inhalte dieser Website d\u00fcrfen nicht zu kommerziellen Zwecken kopiert, verbreitet oder ver\u00e4ndert werden. Bei Zuwiderhandlung wird der Autor und Herausgeber (s.o.) geltendes Recht in Anspruch nehmen. Bei Kopie und Verwendung der Dateien f\u00fcr private Zwecke muss ein Hinweis auf den Urheber (s.o.) und dessen copyright erfolgen.<\/span><\/p>\n<p><span style=\"font-size: 10.0pt; line-height: 107%;\">Warennamen, Handelsnamen und Gebrauchsnamen werden ohne Gew\u00e4hrleistung der freien Verwendbarkeit benutzt. Bezeichnungen beziehen sich lediglich auf die dargestellten Inhalte.<\/span><\/p>\n<p><span style=\"font-size: 10.0pt; line-height: 107%;\">Auf die Gestaltung und die Inhalte der in der Verweisliste aufgef\u00fchrten Internet-Publikationen hat der Autor und Herausgeber dieser Website (s.o.) keinen Einfluss. Daher distanziert er sich hiermit ausdr\u00fccklich von allen Inhalten der \u00fcber Hyperlinks verkn\u00fcpften Internetseiten und macht sich diese Inhalte nicht zu eigen. Obwohl bei der Entwicklung der Materialien und Texte mit gr\u00f6\u00dfter Sorgfalt vorgegangen wird, k\u00f6nnen Fehler nicht ausgeschlossen werden. Der Autor kann f\u00fcr fehlerhafte Angaben und deren Folgen weder eine juristische Verantwortung noch irgendeine Haftung \u00fcbernehmen. F\u00fcr Verbesserungsvorschl\u00e4ge ist er dankbar.<\/span><\/p>\n<p><b><span style=\"font-size: 10.0pt; line-height: 107%;\">Datenschutzerkl\u00e4rung<\/span><\/b><\/p>\n<p><b><span style=\"font-size: 10.0pt; line-height: 107%;\">Grundlegendes<\/span><\/b><\/p>\n<p><span style=\"font-size: 10.0pt; line-height: 107%;\">Diese Datenschutzerkl\u00e4rung soll die Nutzer dieser Website \u00fcber die Art, den Umfang und den Zweck der Erhebung und Verwendung personenbezogener Daten durch den Websitebetreiber (siehe impressum) informieren.<\/span><\/p>\n<p><span style=\"font-size: 10.0pt; line-height: 107%;\">Der Websitebetreiber nimmt Ihren Datenschutz sehr ernst und behandelt Ihre personenbezogenen Daten vertraulich und entsprechend der gesetzlichen Vorschriften. Da durch neue Technologien und die st\u00e4ndige Weiterentwicklung dieser Webseite \u00c4nderungen an dieser Datenschutzerkl\u00e4rung vorgenommen werden k\u00f6nnen, empfehlen wir Ihnen sich die Datenschutzerkl\u00e4rung in regelm\u00e4\u00dfigen Abst\u00e4nden wieder durchzulesen.<\/span><\/p>\n<p><span style=\"font-size: 10.0pt; line-height: 107%;\">Definitionen der verwendeten Begriffe (z.B. \u201cpersonenbezogene Daten\u201d oder \u201cVerarbeitung\u201d) finden Sie in Art. 4 DSGVO.<\/span><\/p>\n<p><span style=\"font-size: 10.0pt; line-height: 107%;\">Im \u00dcbrigen gelten die Datenschutzbestimmungen des Unternehmens <a href=\"http:\/\/www.strato.de\/\">www.strato.de<\/a>, auf dessen Server die Daten der Website www.mathias-hanke.de gespeichert sind: <a href=\"https:\/\/www.strato.de\/datenschutz\/\">www.strato.de\/datenschutz\/<\/a><\/span><\/p>\n<p><b><span style=\"font-size: 10.0pt; line-height: 107%;\">Zugriffsdaten<\/span><\/b><\/p>\n<p><span style=\"font-size: 10.0pt; line-height: 107%;\">Wir, der Websitebetreiber bzw. Seitenprovider (o.a.), erheben aufgrund unseres berechtigten Interesses (s. Art. 6 Abs. 1 lit. f. DSGVO) Daten \u00fcber Zugriffe auf die Website und speichern diese als \u201eServer-Logfiles\u201c auf dem Server der Website ab. Folgende Daten werden so protokolliert:<\/span><\/p>\n<ul>\n<li><span style=\"font-size: 10.0pt; line-height: 107%;\">Besuchte Website<\/span><\/li>\n<li><span style=\"font-size: 10.0pt; line-height: 107%;\">Uhrzeit zum Zeitpunkt des Zugriffes<\/span><\/li>\n<li><span style=\"font-size: 10.0pt; line-height: 107%;\">Menge der gesendeten Daten in Byte<\/span><\/li>\n<li><span style=\"font-size: 10.0pt; line-height: 107%;\">Quelle\/Verweis, von welchem Sie auf die Seite gelangten<\/span><\/li>\n<li><span style=\"font-size: 10.0pt; line-height: 107%;\">Verwendeter Browser<\/span><\/li>\n<li><span style=\"font-size: 10.0pt; line-height: 107%;\">Verwendetes Betriebssystem<\/span><\/li>\n<li><span style=\"font-size: 10.0pt; line-height: 107%;\">Verwendete IP-Adresse<\/span><\/li>\n<\/ul>\n<p><span style=\"font-size: 10.0pt; line-height: 107%;\">Die Server-Logfiles werden f\u00fcr maximal 7 Tage gespeichert und anschlie\u00dfend gel\u00f6scht. Die Speicherung der Daten erfolgt aus Sicherheitsgr\u00fcnden, um z. B. Missbrauchsf\u00e4lle aufkl\u00e4ren zu k\u00f6nnen. M\u00fcssen Daten aus Beweisgr\u00fcnden aufgehoben werden, sind sie solange von der L\u00f6schung ausgenommen bis der Vorfall endg\u00fcltig gekl\u00e4rt ist.<\/span><\/p>\n<p><b><span style=\"font-size: 10.0pt; line-height: 107%;\">Reichweitenmessung &amp; Cookies<\/span><\/b><\/p>\n<p><span style=\"font-size: 10.0pt; line-height: 107%;\">Diese Website verwendet <u>keine<\/u> Cookies zur pseudonymisierten Reichweitenmessung, die entweder von unserem Server oder dem Server Dritter an den Browser des Nutzers \u00fcbertragen werden. Bei Cookies handelt es sich um kleine Dateien, welche auf Ihrem Endger\u00e4t gespeichert werden. Ihr Browser greift auf diese Dateien zu. Durch den Einsatz von Cookies erh\u00f6ht sich die Benutzerfreundlichkeit und Sicherheit dieser Website.<\/span><\/p>\n<p><span style=\"font-size: 10.0pt; line-height: 107%;\">(Falls Sie nicht m\u00f6chten, dass Cookies zur Reichweitenmessung auf Ihrem Endger\u00e4t gespeichert werden, k\u00f6nnen Sie dem Einsatz dieser Dateien hier widersprechen:<\/span><\/p>\n<ul>\n<li><span style=\"font-size: 10.0pt; line-height: 107%;\">Cookie-Deaktivierungsseite der Netzwerkwerbeinitiative: <a href=\"http:\/\/optout.networkadvertising.org\/?c=1#!\/\">http:\/\/optout.networkadvertising.org\/?c=1#!\/<\/a><\/span><\/li>\n<li><span style=\"font-size: 10.0pt; line-height: 107%;\">Cookie-Deaktivierungsseite der US-amerikanischen Website: <a href=\"http:\/\/optout.aboutads.info\/?c=2#!\/\">http:\/\/optout.aboutads.info\/?c=2#!\/<\/a><\/span><\/li>\n<li><span style=\"font-size: 10.0pt; line-height: 107%;\">Cookie-Deaktivierungsseite der europ\u00e4ischen Website: <a href=\"http:\/\/optout.networkadvertising.org\/?c=1#!\/\">http:\/\/optout.networkadvertising.org\/?c=1#!\/<\/a><\/span><\/li>\n<\/ul>\n<p><span style=\"font-size: 10.0pt; line-height: 107%;\">G\u00e4ngige Browser bieten die Einstellungsoption, Cookies nicht zuzulassen. Hinweis: Es ist nicht gew\u00e4hrleistet, dass Sie auf alle Funktionen dieser Website ohne Einschr\u00e4nkungen zugreifen k\u00f6nnen, wenn Sie entsprechende Einstellungen vornehmen.)<\/span><\/p>\n<p><span style=\"font-size: 10.0pt; line-height: 107%;\">Erfassung und Verarbeitung personenbezogener Daten<\/span><\/p>\n<p><span style=\"font-size: 10.0pt; line-height: 107%;\">Der Websitebetreiber erhebt, nutzt und gibt Ihre personenbezogenen Daten nur dann weiter, wenn dies im gesetzlichen Rahmen vorgeschrieben ist oder Sie in die Datenerhebung einwilligen.<\/span><\/p>\n<p><span style=\"font-size: 10.0pt; line-height: 107%;\">Als personenbezogene Daten gelten s\u00e4mtliche Informationen, welche dazu dienen, Ihre Person zu bestimmen und welche zu Ihnen zur\u00fcckverfolgt werden k\u00f6nnen \u2013 also beispielsweise Ihr Name, Ihre E-Mail-Adresse und Telefonnummer.<\/span><\/p>\n<p><span style=\"font-size: 10.0pt; line-height: 107%;\">Diese Website k\u00f6nnen Sie auch besuchen, ohne Angaben zu Ihrer Person zu machen. Zur Verbesserung unseres Online-Angebotes speichern wir jedoch (ohne Personenbezug) Ihre Zugriffsdaten auf diese Website. Zu diesen Zugriffsdaten geh\u00f6ren z. B. die von Ihnen angeforderte Datei oder der Name Ihres Internet-Providers. Durch die Anonymisierung der Daten sind R\u00fcckschl\u00fcsse auf Ihre Person nicht m\u00f6glich. <\/span><\/p>\n<p><span style=\"font-size: 10.0pt; line-height: 107%;\">Umgang mit Kontaktdaten<\/span><\/p>\n<p><span style=\"font-size: 10.0pt; line-height: 107%;\">Nehmen Sie mit uns als Websitebetreiber durch die angebotenen Kontaktm\u00f6glichkeiten Verbindung auf, werden Ihre Angaben <b>nur zur Beantwortung \/ Bearbeitung <\/b>Ihrer Anfrage gespeichert. Damit kann auf diese zur Bearbeitung und Beantwortung Ihrer Anfrage zur\u00fcckgegriffen werden. Ohne Ihre Einwilligung werden Daten in keinem Fall an Dritte weitergegeben.<\/span><\/p>\n<p><span style=\"font-size: 10.0pt; line-height: 107%;\">Sie haben die M\u00f6glichkeit, die Speicherung von Cookies (s.o.) auf Ihrem Ger\u00e4t zu verhindern, indem Sie in Ihrem Browser entsprechende Einstellungen vornehmen. Es ist nicht gew\u00e4hrleistet, dass Sie auf alle Funktionen dieser Website ohne Einschr\u00e4nkungen zugreifen k\u00f6nnen, wenn Ihr Browser keine Cookies zul\u00e4sst.<\/span><\/p>\n<p><span style=\"font-size: 10.0pt; line-height: 107%;\">Rechte des Nutzers<\/span><\/p>\n<p><span style=\"font-size: 10.0pt; line-height: 107%;\">Sie haben als Nutzer das Recht, auf Antrag eine kostenlose Auskunft dar\u00fcber zu erhalten, welche personenbezogenen Daten \u00fcber Sie gespeichert wurden. Sie haben au\u00dferdem das Recht auf Berichtigung falscher Daten und auf die Verarbeitungseinschr\u00e4nkung oder L\u00f6schung Ihrer personenbezogenen Daten. Falls zutreffend, k\u00f6nnen Sie auch Ihr Recht auf Datenportabilit\u00e4t geltend machen. Sollten Sie annehmen, dass Ihre Daten unrechtm\u00e4\u00dfig verarbeitet wurden, k\u00f6nnen Sie eine Beschwerde bei der zust\u00e4ndigen Aufsichtsbeh\u00f6rde einreichen.<\/span><\/p>\n<p><span style=\"font-size: 10.0pt; line-height: 107%;\">L\u00f6schung von Daten<\/span><\/p>\n<p><span style=\"font-size: 10.0pt; line-height: 107%;\">Sofern Ihr Wunsch nicht mit einer gesetzlichen Pflicht zur Aufbewahrung von Daten (z. B. Vorratsdatenspeicherung) kollidiert, haben Sie ein Anrecht auf L\u00f6schung Ihrer Daten. Von uns gespeicherte Daten werden, sollten sie f\u00fcr ihre Zweckbestimmung nicht mehr vonn\u00f6ten sein und es keine gesetzlichen Aufbewahrungsfristen geben, gel\u00f6scht. Falls eine L\u00f6schung nicht durchgef\u00fchrt werden kann, da die Daten f\u00fcr zul\u00e4ssige gesetzliche Zwecke erforderlich sind, erfolgt eine Einschr\u00e4nkung der Datenverarbeitung. In diesem Fall werden die Daten gesperrt und nicht f\u00fcr andere Zwecke verarbeitet.<\/span><\/p>\n<p><b><span style=\"font-size: 10.0pt; line-height: 107%;\">Widerspruchsrecht<\/span><\/b><\/p>\n<p><span style=\"font-size: 10.0pt; line-height: 107%;\">Nutzer dieser Webseite k\u00f6nnen von ihrem Widerspruchsrecht Gebrauch machen und der Verarbeitung ihrer personenbezogenen Daten zu jeder Zeit widersprechen. Wenn Sie eine Berichtigung, Sperrung, L\u00f6schung oder Auskunft \u00fcber die zu Ihrer Person gespeicherten personenbezogenen Daten w\u00fcnschen oder Fragen bzgl. der Erhebung, Verarbeitung oder Verwendung Ihrer personenbezogenen Daten haben oder erteilte Einwilligungen widerrufen m\u00f6chten, wenden Sie sich bitte an folgende E-Mail-Adresse: [mh@mathias-hanke.de]<\/span><\/p>\n<h3><span style=\"font-size: 10.0pt; line-height: 107%;\">\u00a0<\/span><\/h3>\n","protected":false},"excerpt":{"rendered":"<p>F\u00fcr die Inhalte dieser Seiten ist verantwortlich: Mathias Hanke 37191 Katlenburg-Lindau E-Mail: mh@mathias-hanke.de S\u00e4mtliche Inhalte wie Bilder, Texte, Grafiken, Ton-, Video- und Animationsdateien sowie deren Arrangements unterliegen dem Schutz des Urheberrechts und anderen Gesetzen zum Schutz geistigen Eigentums. Inhalte dieser Website d\u00fcrfen nicht zu kommerziellen Zwecken kopiert, verbreitet oder ver\u00e4ndert werden. Bei Zuwiderhandlung wird der [&hellip;]<\/p>\n","protected":false},"author":1,"featured_media":0,"parent":0,"menu_order":0,"comment_status":"closed","ping_status":"closed","template":"template-nosidebar.php","meta":{"ngg_post_thumbnail":0,"footnotes":""},"class_list":["post-90","page","type-page","status-publish","hentry","post-preview"],"jetpack_sharing_enabled":true,"_links":{"self":[{"href":"https:\/\/mathias-hanke.de\/index.php?rest_route=\/wp\/v2\/pages\/90","targetHints":{"allow":["GET"]}}],"collection":[{"href":"https:\/\/mathias-hanke.de\/index.php?rest_route=\/wp\/v2\/pages"}],"about":[{"href":"https:\/\/mathias-hanke.de\/index.php?rest_route=\/wp\/v2\/types\/page"}],"author":[{"embeddable":true,"href":"https:\/\/mathias-hanke.de\/index.php?rest_route=\/wp\/v2\/users\/1"}],"replies":[{"embeddable":true,"href":"https:\/\/mathias-hanke.de\/index.php?rest_route=%2Fwp%2Fv2%2Fcomments&post=90"}],"version-history":[{"count":13,"href":"https:\/\/mathias-hanke.de\/index.php?rest_route=\/wp\/v2\/pages\/90\/revisions"}],"predecessor-version":[{"id":221,"href":"https:\/\/mathias-hanke.de\/index.php?rest_route=\/wp\/v2\/pages\/90\/revisions\/221"}],"wp:attachment":[{"href":"https:\/\/mathias-hanke.de\/index.php?rest_route=%2Fwp%2Fv2%2Fmedia&parent=90"}],"curies":[{"name":"wp","href":"https:\/\/api.w.org\/{rel}","templated":true}]}}